{"id":2059,"date":"2025-10-22T12:05:32","date_gmt":"2025-10-22T12:05:32","guid":{"rendered":"https:\/\/kgfrp.com\/epoxy-gfrp-uon-cong\/"},"modified":"2026-03-17T16:38:18","modified_gmt":"2026-03-17T16:38:18","slug":"epoxy-gfrp-uon-cong","status":"publish","type":"page","link":"https:\/\/kgfrp.com\/vi\/epoxy-gfrp-uon-cong\/","title":{"rendered":"EPOXY GFRP &#8211; U\u1ed1n cong"},"content":{"rendered":"\t\t<div data-elementor-type=\"wp-page\" data-elementor-id=\"2059\" class=\"elementor elementor-2059 elementor-800\">\n\t\t\t\t\t\t<div class=\"elementor-section elementor-top-section elementor-element elementor-element-e0f567b elementor-section-stretched dsvy-icon-box-hover-effect dsvy-col-stretched-none dsvy-bg-color-over-image elementor-section-boxed elementor-section-height-default elementor-section-height-default\" data-id=\"e0f567b\" data-element_type=\"section\" data-e-type=\"section\" data-settings=\"{&quot;stretch_section&quot;:&quot;section-stretched&quot;,&quot;background_background&quot;:&quot;classic&quot;}\">\n\t\t\t\t\t\t<div class=\"elementor-container elementor-column-gap-no\">\n\t\t\t\t\t<div class=\"elementor-column elementor-col-100 elementor-top-column elementor-element elementor-element-28291a9 dsvy-bg-color-over-image\" data-id=\"28291a9\" data-element_type=\"column\" data-e-type=\"column\">\n\t\t\t<div class=\"elementor-widget-wrap elementor-element-populated\">\n\t\t\t\t\t\t<section class=\"elementor-section elementor-inner-section elementor-element elementor-element-3e2307e dsvy-col-stretched-none dsvy-bg-color-over-image elementor-section-boxed elementor-section-height-default elementor-section-height-default\" data-id=\"3e2307e\" data-element_type=\"section\" data-e-type=\"section\">\n\t\t\t\t\t\t<div class=\"elementor-container elementor-column-gap-no\">\n\t\t\t\t\t<div class=\"elementor-column elementor-col-33 elementor-inner-column elementor-element elementor-element-895af13 dsvy-bg-color-over-image\" data-id=\"895af13\" data-element_type=\"column\" data-e-type=\"column\">\n\t\t\t<div class=\"elementor-widget-wrap elementor-element-populated\">\n\t\t\t\t\t\t<div class=\"elementor-element elementor-element-4ecb59f elementor-widget elementor-widget-image\" data-id=\"4ecb59f\" data-element_type=\"widget\" data-e-type=\"widget\" data-widget_type=\"image.default\">\n\t\t\t\t<div class=\"elementor-widget-container\">\n\t\t\t\t\t\t\t\t\t\t\t\t\t\t\t<img fetchpriority=\"high\" decoding=\"async\" width=\"1000\" height=\"231\" src=\"https:\/\/kgfrp.com\/wp-content\/uploads\/2025\/10\/logo_Rebar-X.svg\" class=\"attachment-large size-large wp-image-2040\" alt=\"\" \/>\t\t\t\t\t\t\t\t\t\t\t\t\t\t\t<\/div>\n\t\t\t\t<\/div>\n\t\t\t\t\t<\/div>\n\t\t<\/div>\n\t\t\t\t<div class=\"elementor-column elementor-col-33 elementor-inner-column elementor-element elementor-element-fca9f67 dsvy-bg-color-over-image\" data-id=\"fca9f67\" data-element_type=\"column\" data-e-type=\"column\">\n\t\t\t<div class=\"elementor-widget-wrap elementor-element-populated\">\n\t\t\t\t\t\t<div class=\"elementor-element elementor-element-171e634 elementor-widget elementor-widget-text-editor\" data-id=\"171e634\" data-element_type=\"widget\" data-e-type=\"widget\" data-widget_type=\"text-editor.default\">\n\t\t\t\t<div class=\"elementor-widget-container\">\n\t\t\t\t\t\t\t\t\t<p>C\u00e1c s\u1ea3n ph\u1ea9m<\/p>\t\t\t\t\t\t\t\t<\/div>\n\t\t\t\t<\/div>\n\t\t\t\t\t<\/div>\n\t\t<\/div>\n\t\t\t\t<div class=\"elementor-column elementor-col-33 elementor-inner-column elementor-element elementor-element-a93f7c8 elementor-hidden-mobile dsvy-bg-color-over-image\" data-id=\"a93f7c8\" data-element_type=\"column\" data-e-type=\"column\">\n\t\t\t<div class=\"elementor-widget-wrap elementor-element-populated\">\n\t\t\t\t\t\t\t<\/div>\n\t\t<\/div>\n\t\t\t\t\t<\/div>\n\t\t<\/section>\n\t\t\t\t<div class=\"elementor-element elementor-element-c33bc02 elementor-widget-divider--view-line elementor-widget elementor-widget-divider\" data-id=\"c33bc02\" data-element_type=\"widget\" data-e-type=\"widget\" data-widget_type=\"divider.default\">\n\t\t\t\t<div class=\"elementor-widget-container\">\n\t\t\t\t\t\t\t<div class=\"elementor-divider\">\n\t\t\t<span class=\"elementor-divider-separator\">\n\t\t\t\t\t\t<\/span>\n\t\t<\/div>\n\t\t\t\t\t\t<\/div>\n\t\t\t\t<\/div>\n\t\t\t\t<section class=\"elementor-section elementor-inner-section elementor-element elementor-element-bdf7ca0 dsvy-col-stretched-none dsvy-bg-color-over-image elementor-section-boxed elementor-section-height-default elementor-section-height-default\" data-id=\"bdf7ca0\" data-element_type=\"section\" data-e-type=\"section\">\n\t\t\t\t\t\t<div class=\"elementor-container elementor-column-gap-no\">\n\t\t\t\t\t<div class=\"elementor-column elementor-col-25 elementor-inner-column elementor-element elementor-element-a5ab97b dsvy-bg-color-over-image\" data-id=\"a5ab97b\" data-element_type=\"column\" data-e-type=\"column\">\n\t\t\t<div class=\"elementor-widget-wrap elementor-element-populated\">\n\t\t\t\t\t\t<div class=\"elementor-element elementor-element-50f5e29 elementor-widget elementor-widget-image\" data-id=\"50f5e29\" data-element_type=\"widget\" data-e-type=\"widget\" data-widget_type=\"image.default\">\n\t\t\t\t<div class=\"elementor-widget-container\">\n\t\t\t\t\t\t\t\t\t\t\t\t\t\t\t<img decoding=\"async\" width=\"1000\" height=\"170\" src=\"https:\/\/kgfrp.com\/wp-content\/uploads\/2025\/10\/logo_EPOXY-BAR.svg\" class=\"attachment-large size-large wp-image-2041\" alt=\"\" \/>\t\t\t\t\t\t\t\t\t\t\t\t\t\t\t<\/div>\n\t\t\t\t<\/div>\n\t\t\t\t\t<\/div>\n\t\t<\/div>\n\t\t\t\t<div class=\"elementor-column elementor-col-25 elementor-inner-column elementor-element elementor-element-7c79451 dsvy-bg-color-over-image\" data-id=\"7c79451\" data-element_type=\"column\" data-e-type=\"column\">\n\t\t\t<div class=\"elementor-widget-wrap elementor-element-populated\">\n\t\t\t\t\t\t<div class=\"elementor-element elementor-element-0d37164 elementor-widget elementor-widget-text-editor\" data-id=\"0d37164\" data-element_type=\"widget\" data-e-type=\"widget\" data-widget_type=\"text-editor.default\">\n\t\t\t\t<div class=\"elementor-widget-container\">\n\t\t\t\t\t\t\t\t\t<p>Lo\u1ea1i u\u1ed1n cong<\/p>\t\t\t\t\t\t\t\t<\/div>\n\t\t\t\t<\/div>\n\t\t\t\t\t<\/div>\n\t\t<\/div>\n\t\t\t\t<div class=\"elementor-column elementor-col-25 elementor-inner-column elementor-element elementor-element-cc07597 elementor-hidden-mobile dsvy-bg-color-over-image\" data-id=\"cc07597\" data-element_type=\"column\" data-e-type=\"column\">\n\t\t\t<div class=\"elementor-widget-wrap elementor-element-populated\">\n\t\t\t\t\t\t\t<\/div>\n\t\t<\/div>\n\t\t\t\t<div class=\"elementor-column elementor-col-25 elementor-inner-column elementor-element elementor-element-4bbff99 elementor-hidden-mobile dsvy-bg-color-over-image\" data-id=\"4bbff99\" data-element_type=\"column\" data-e-type=\"column\">\n\t\t\t<div class=\"elementor-widget-wrap elementor-element-populated\">\n\t\t\t\t\t\t\t<\/div>\n\t\t<\/div>\n\t\t\t\t\t<\/div>\n\t\t<\/section>\n\t\t\t\t\t<\/div>\n\t\t<\/div>\n\t\t\t\t\t<\/div>\n\t\t<\/div>\n\t\t\t\t<div class=\"elementor-section elementor-top-section elementor-element elementor-element-313dae6 elementor-section-stretched dsvy-icon-box-hover-effect elementor-section-full_width dsvy-bg-image-over-color dsvy-col-stretched-none elementor-section-height-default elementor-section-height-default\" data-id=\"313dae6\" data-element_type=\"section\" data-e-type=\"section\" data-settings=\"{&quot;stretch_section&quot;:&quot;section-stretched&quot;,&quot;background_background&quot;:&quot;classic&quot;}\">\n\t\t\t\t\t\t<div class=\"elementor-container elementor-column-gap-no\">\n\t\t\t\t\t<div class=\"elementor-column elementor-col-100 elementor-top-column elementor-element elementor-element-94b2e25 dsvy-bg-color-over-image\" data-id=\"94b2e25\" data-element_type=\"column\" data-e-type=\"column\">\n\t\t\t<div class=\"elementor-widget-wrap elementor-element-populated\">\n\t\t\t\t\t\t<section class=\"elementor-section elementor-inner-section elementor-element elementor-element-dea0b6f dsvy-col-stretched-none dsvy-bg-color-over-image elementor-section-boxed elementor-section-height-default elementor-section-height-default\" data-id=\"dea0b6f\" data-element_type=\"section\" data-e-type=\"section\">\n\t\t\t\t\t\t<div class=\"elementor-container elementor-column-gap-default\">\n\t\t\t\t\t<div class=\"elementor-column elementor-col-100 elementor-inner-column elementor-element elementor-element-668d0c5 dsvy-bg-color-over-image\" data-id=\"668d0c5\" data-element_type=\"column\" data-e-type=\"column\" data-settings=\"{&quot;background_background&quot;:&quot;classic&quot;}\">\n\t\t\t<div class=\"elementor-widget-wrap elementor-element-populated\">\n\t\t\t\t\t\t<div class=\"elementor-element elementor-element-dc3b7ac elementor-widget elementor-widget-image\" data-id=\"dc3b7ac\" data-element_type=\"widget\" data-e-type=\"widget\" data-widget_type=\"image.default\">\n\t\t\t\t<div class=\"elementor-widget-container\">\n\t\t\t\t\t\t\t\t\t\t\t\t\t\t\t<img decoding=\"async\" width=\"847\" height=\"565\" src=\"https:\/\/kgfrp.com\/wp-content\/uploads\/2025\/11\/epoxybar_bent-1024x683.jpg\" class=\"attachment-large size-large wp-image-2061\" alt=\"\" srcset=\"https:\/\/kgfrp.com\/wp-content\/uploads\/2025\/11\/epoxybar_bent-1024x683.jpg 1024w, https:\/\/kgfrp.com\/wp-content\/uploads\/2025\/11\/epoxybar_bent-300x200.jpg 300w, https:\/\/kgfrp.com\/wp-content\/uploads\/2025\/11\/epoxybar_bent-768x512.jpg 768w, https:\/\/kgfrp.com\/wp-content\/uploads\/2025\/11\/epoxybar_bent-770x513.jpg 770w, https:\/\/kgfrp.com\/wp-content\/uploads\/2025\/11\/epoxybar_bent.jpg 1536w\" sizes=\"(max-width: 847px) 100vw, 847px\" \/>\t\t\t\t\t\t\t\t\t\t\t\t\t\t\t<\/div>\n\t\t\t\t<\/div>\n\t\t\t\t<div class=\"elementor-element elementor-element-e0600ae gallery-spacing-custom elementor-widget elementor-widget-image-gallery\" data-id=\"e0600ae\" data-element_type=\"widget\" data-e-type=\"widget\" data-widget_type=\"image-gallery.default\">\n\t\t\t\t<div class=\"elementor-widget-container\">\n\t\t\t\t\t\t\t<div class=\"elementor-image-gallery\">\n\t\t\t<div id='gallery-1' class='gallery galleryid-2059 gallery-columns-2 gallery-size-dsvy-img-1030x570'><figure class='gallery-item'>\n\t\t\t<div class='gallery-icon landscape'>\n\t\t\t\t<a data-elementor-open-lightbox=\"yes\" data-elementor-lightbox-slideshow=\"e0600ae\" data-elementor-lightbox-title=\"epoxybar_bent2\" data-e-action-hash=\"#elementor-action%3Aaction%3Dlightbox%26settings%3DeyJpZCI6MjA2MiwidXJsIjoiaHR0cHM6XC9cL2tnZnJwLmNvbVwvd3AtY29udGVudFwvdXBsb2Fkc1wvMjAyNVwvMTFcL2Vwb3h5YmFyX2JlbnQyLmpwZyIsInNsaWRlc2hvdyI6ImUwNjAwYWUifQ%3D%3D\" href='https:\/\/kgfrp.com\/wp-content\/uploads\/2025\/11\/epoxybar_bent2.jpg'><img loading=\"lazy\" decoding=\"async\" width=\"1030\" height=\"570\" src=\"https:\/\/kgfrp.com\/wp-content\/uploads\/2025\/11\/epoxybar_bent2-1030x570.jpg\" class=\"attachment-dsvy-img-1030x570 size-dsvy-img-1030x570\" alt=\"\" \/><\/a>\n\t\t\t<\/div><\/figure><figure class='gallery-item'>\n\t\t\t<div class='gallery-icon landscape'>\n\t\t\t\t<a data-elementor-open-lightbox=\"yes\" data-elementor-lightbox-slideshow=\"e0600ae\" data-elementor-lightbox-title=\"epoxybar_bent3\" data-e-action-hash=\"#elementor-action%3Aaction%3Dlightbox%26settings%3DeyJpZCI6MjA2MywidXJsIjoiaHR0cHM6XC9cL2tnZnJwLmNvbVwvd3AtY29udGVudFwvdXBsb2Fkc1wvMjAyNVwvMTFcL2Vwb3h5YmFyX2JlbnQzLmpwZyIsInNsaWRlc2hvdyI6ImUwNjAwYWUifQ%3D%3D\" href='https:\/\/kgfrp.com\/wp-content\/uploads\/2025\/11\/epoxybar_bent3.jpg'><img loading=\"lazy\" decoding=\"async\" width=\"1024\" height=\"570\" src=\"https:\/\/kgfrp.com\/wp-content\/uploads\/2025\/11\/epoxybar_bent3-1024x570.jpg\" class=\"attachment-dsvy-img-1030x570 size-dsvy-img-1030x570\" alt=\"\" srcset=\"https:\/\/kgfrp.com\/wp-content\/uploads\/2025\/11\/epoxybar_bent3-1024x570.jpg 1024w, https:\/\/kgfrp.com\/wp-content\/uploads\/2025\/11\/epoxybar_bent3-770x430.jpg 770w\" sizes=\"(max-width: 1024px) 100vw, 1024px\" \/><\/a>\n\t\t\t<\/div><\/figure>\n\t\t<\/div>\n\t\t<\/div>\n\t\t\t\t\t\t<\/div>\n\t\t\t\t<\/div>\n\t\t\t\t\t<\/div>\n\t\t<\/div>\n\t\t\t\t\t<\/div>\n\t\t<\/section>\n\t\t\t\t<section class=\"elementor-section elementor-inner-section elementor-element elementor-element-276a925 elementor-hidden-mobile dsvy-col-stretched-none dsvy-bg-color-over-image elementor-section-boxed elementor-section-height-default elementor-section-height-default\" data-id=\"276a925\" data-element_type=\"section\" data-e-type=\"section\">\n\t\t\t\t\t\t<div class=\"elementor-container elementor-column-gap-no\">\n\t\t\t\t\t<div class=\"elementor-column elementor-col-100 elementor-inner-column elementor-element elementor-element-f872a37 dsvy-bg-color-over-image\" data-id=\"f872a37\" data-element_type=\"column\" data-e-type=\"column\">\n\t\t\t<div class=\"elementor-widget-wrap elementor-element-populated\">\n\t\t\t\t\t\t<div class=\"elementor-element elementor-element-69ae2ed elementor-widget elementor-widget-text-editor\" data-id=\"69ae2ed\" data-element_type=\"widget\" data-e-type=\"widget\" data-widget_type=\"text-editor.default\">\n\t\t\t\t<div class=\"elementor-widget-container\">\n\t\t\t\t\t\t\t\t\t<p>EPOXY GFRP U\u1ed1n cong<\/p>\t\t\t\t\t\t\t\t<\/div>\n\t\t\t\t<\/div>\n\t\t\t\t<div class=\"elementor-element elementor-element-88d7a66 elementor-widget elementor-widget-text-editor\" data-id=\"88d7a66\" data-element_type=\"widget\" data-e-type=\"widget\" data-widget_type=\"text-editor.default\">\n\t\t\t\t<div class=\"elementor-widget-container\">\n\t\t\t\t\t\t\t\t\t<p>(D\u1ef1 ki\u1ebfn cung c\u1ea5p v\u00e0o th\u00e1ng 10 n\u0103m 2026)<\/p>\t\t\t\t\t\t\t\t<\/div>\n\t\t\t\t<\/div>\n\t\t\t\t\t<\/div>\n\t\t<\/div>\n\t\t\t\t\t<\/div>\n\t\t<\/section>\n\t\t\t\t\t<\/div>\n\t\t<\/div>\n\t\t\t\t\t<\/div>\n\t\t<\/div>\n\t\t\t\t<section class=\"elementor-section elementor-top-section elementor-element elementor-element-318259d elementor-section-stretched dsvy-bg-color-yes dsvy-elementor-bg-color-white dsvy-col-stretched-none dsvy-bg-color-over-image elementor-section-boxed elementor-section-height-default elementor-section-height-default\" data-id=\"318259d\" data-element_type=\"section\" data-e-type=\"section\" data-settings=\"{&quot;stretch_section&quot;:&quot;section-stretched&quot;,&quot;background_background&quot;:&quot;classic&quot;}\">\n\t\t\t\t\t\t<div class=\"elementor-container elementor-column-gap-no\">\n\t\t\t\t\t<div class=\"elementor-column elementor-col-100 elementor-top-column elementor-element elementor-element-985bab6 dsvy-bg-color-over-image\" data-id=\"985bab6\" data-element_type=\"column\" data-e-type=\"column\" data-settings=\"{&quot;background_background&quot;:&quot;classic&quot;}\">\n\t\t\t<div class=\"elementor-widget-wrap elementor-element-populated\">\n\t\t\t\t\t\t<div class=\"elementor-element elementor-element-3f70332 dsvy-align-center elementor-widget elementor-widget-dsvy_heading\" data-id=\"3f70332\" data-element_type=\"widget\" data-e-type=\"widget\" data-widget_type=\"dsvy_heading.default\">\n\t\t\t\t<div class=\"elementor-widget-container\">\n\t\t\t\t\t\t<div class=\"dsvy-heading-subheading center-align dsvy-reverse-heading-yes\"><h2 class=\"dsvy-element-title\">\r\n\t\t\t\r\n\t\t\t\tTi\u00eau chu\u1ea9n k\u1ef9 thu\u1eadt<br>cho thanh Epoxy u\u1ed1n cong\r\n\t\t\t\r\n\t\t\t<\/h2>\r\n\t\t<div class=\"dsvy-heading-desc\">C\u00f4ng ngh\u1ec7 u\u1ed1n thanh c\u1ed1t GFRP t\u1ef1 \u0111\u1ed9ng h\u00e0ng \u0111\u1ea7u H\u00e0n Qu\u1ed1c<\/div><\/div>\t\t\t\t<\/div>\n\t\t\t\t<\/div>\n\t\t\t\t<section class=\"elementor-section elementor-inner-section elementor-element elementor-element-92a3266 dsvy-col-stretched-none dsvy-bg-color-over-image elementor-section-boxed elementor-section-height-default elementor-section-height-default\" data-id=\"92a3266\" data-element_type=\"section\" data-e-type=\"section\">\n\t\t\t\t\t\t<div class=\"elementor-container elementor-column-gap-no\">\n\t\t\t\t\t<div class=\"elementor-column elementor-col-33 elementor-inner-column elementor-element elementor-element-14323d7 dsvy-bg-color-over-image\" data-id=\"14323d7\" data-element_type=\"column\" data-e-type=\"column\" data-settings=\"{&quot;background_background&quot;:&quot;classic&quot;}\">\n\t\t\t<div class=\"elementor-widget-wrap elementor-element-populated\">\n\t\t\t\t\t\t<div class=\"elementor-element elementor-element-768e99e elementor-widget elementor-widget-heading\" data-id=\"768e99e\" data-element_type=\"widget\" data-e-type=\"widget\" data-widget_type=\"heading.default\">\n\t\t\t\t<div class=\"elementor-widget-container\">\n\t\t\t\t\t<h6 class=\"elementor-heading-title elementor-size-default\">Thanh u\u1ed1n cong 90\u00b0<\/h6>\t\t\t\t<\/div>\n\t\t\t\t<\/div>\n\t\t\t\t<div class=\"elementor-element elementor-element-b0d1cda elementor-widget elementor-widget-image\" data-id=\"b0d1cda\" data-element_type=\"widget\" data-e-type=\"widget\" data-widget_type=\"image.default\">\n\t\t\t\t<div class=\"elementor-widget-container\">\n\t\t\t\t\t\t\t\t\t\t\t\t\t\t\t<img loading=\"lazy\" decoding=\"async\" width=\"313\" height=\"205\" src=\"https:\/\/kgfrp.com\/wp-content\/uploads\/2025\/11\/type_bent_001.png\" class=\"attachment-large size-large wp-image-4147\" alt=\"\" srcset=\"https:\/\/kgfrp.com\/wp-content\/uploads\/2025\/11\/type_bent_001.png 313w, https:\/\/kgfrp.com\/wp-content\/uploads\/2025\/11\/type_bent_001-300x196.png 300w\" sizes=\"(max-width: 313px) 100vw, 313px\" \/>\t\t\t\t\t\t\t\t\t\t\t\t\t\t\t<\/div>\n\t\t\t\t<\/div>\n\t\t\t\t<div class=\"elementor-element elementor-element-b62ac6e elementor-widget elementor-widget-heading\" data-id=\"b62ac6e\" data-element_type=\"widget\" data-e-type=\"widget\" data-widget_type=\"heading.default\">\n\t\t\t\t<div class=\"elementor-widget-container\">\n\t\t\t\t\t<span class=\"elementor-heading-title elementor-size-default\">\u0110\u1ed9 b\u1ec1n k\u00e9o t\u1ea1i ti\u1ebft di\u1ec7n u\u1ed1n cong (Mpa)<\/span>\t\t\t\t<\/div>\n\t\t\t\t<\/div>\n\t\t\t\t<div class=\"elementor-element elementor-element-0ca0bc1 elementor-widget elementor-widget-heading\" data-id=\"0ca0bc1\" data-element_type=\"widget\" data-e-type=\"widget\" data-widget_type=\"heading.default\">\n\t\t\t\t<div class=\"elementor-widget-container\">\n\t\t\t\t\t<h6 class=\"elementor-heading-title elementor-size-default\">D13<\/h6>\t\t\t\t<\/div>\n\t\t\t\t<\/div>\n\t\t\t\t<div class=\"elementor-element elementor-element-3d89990 elementor-widget elementor-widget-heading\" data-id=\"3d89990\" data-element_type=\"widget\" data-e-type=\"widget\" data-widget_type=\"heading.default\">\n\t\t\t\t<div class=\"elementor-widget-container\">\n\t\t\t\t\t<h6 class=\"elementor-heading-title elementor-size-default\">598<\/h6>\t\t\t\t<\/div>\n\t\t\t\t<\/div>\n\t\t\t\t\t<\/div>\n\t\t<\/div>\n\t\t\t\t<div class=\"elementor-column elementor-col-33 elementor-inner-column elementor-element elementor-element-168d244 dsvy-bg-color-over-image\" data-id=\"168d244\" data-element_type=\"column\" data-e-type=\"column\" data-settings=\"{&quot;background_background&quot;:&quot;classic&quot;}\">\n\t\t\t<div class=\"elementor-widget-wrap elementor-element-populated\">\n\t\t\t\t\t\t<div class=\"elementor-element elementor-element-6292da9 elementor-widget elementor-widget-heading\" data-id=\"6292da9\" data-element_type=\"widget\" data-e-type=\"widget\" data-widget_type=\"heading.default\">\n\t\t\t\t<div class=\"elementor-widget-container\">\n\t\t\t\t\t<h6 class=\"elementor-heading-title elementor-size-default\">Thanh u\u1ed1n cong ch\u1eef U<\/h6>\t\t\t\t<\/div>\n\t\t\t\t<\/div>\n\t\t\t\t<div class=\"elementor-element elementor-element-113486c elementor-widget elementor-widget-image\" data-id=\"113486c\" data-element_type=\"widget\" data-e-type=\"widget\" data-widget_type=\"image.default\">\n\t\t\t\t<div class=\"elementor-widget-container\">\n\t\t\t\t\t\t\t\t\t\t\t\t\t\t\t<img loading=\"lazy\" decoding=\"async\" width=\"313\" height=\"205\" src=\"https:\/\/kgfrp.com\/wp-content\/uploads\/2025\/11\/type_bent_002.png\" class=\"attachment-large size-large wp-image-4148\" alt=\"\" srcset=\"https:\/\/kgfrp.com\/wp-content\/uploads\/2025\/11\/type_bent_002.png 313w, https:\/\/kgfrp.com\/wp-content\/uploads\/2025\/11\/type_bent_002-300x196.png 300w\" sizes=\"(max-width: 313px) 100vw, 313px\" \/>\t\t\t\t\t\t\t\t\t\t\t\t\t\t\t<\/div>\n\t\t\t\t<\/div>\n\t\t\t\t<div class=\"elementor-element elementor-element-32c1268 elementor-widget elementor-widget-heading\" data-id=\"32c1268\" data-element_type=\"widget\" data-e-type=\"widget\" data-widget_type=\"heading.default\">\n\t\t\t\t<div class=\"elementor-widget-container\">\n\t\t\t\t\t<span class=\"elementor-heading-title elementor-size-default\">\u0110\u1ed9 b\u1ec1n k\u00e9o t\u1ea1i ti\u1ebft di\u1ec7n u\u1ed1n cong (Mpa)<\/span>\t\t\t\t<\/div>\n\t\t\t\t<\/div>\n\t\t\t\t<div class=\"elementor-element elementor-element-cc6c7bd elementor-widget elementor-widget-heading\" data-id=\"cc6c7bd\" data-element_type=\"widget\" data-e-type=\"widget\" data-widget_type=\"heading.default\">\n\t\t\t\t<div class=\"elementor-widget-container\">\n\t\t\t\t\t<h6 class=\"elementor-heading-title elementor-size-default\">D16<\/h6>\t\t\t\t<\/div>\n\t\t\t\t<\/div>\n\t\t\t\t<div class=\"elementor-element elementor-element-e703aa3 elementor-widget elementor-widget-heading\" data-id=\"e703aa3\" data-element_type=\"widget\" data-e-type=\"widget\" data-widget_type=\"heading.default\">\n\t\t\t\t<div class=\"elementor-widget-container\">\n\t\t\t\t\t<h6 class=\"elementor-heading-title elementor-size-default\">586<\/h6>\t\t\t\t<\/div>\n\t\t\t\t<\/div>\n\t\t\t\t\t<\/div>\n\t\t<\/div>\n\t\t\t\t<div class=\"elementor-column elementor-col-33 elementor-inner-column elementor-element elementor-element-c5836bd dsvy-bg-color-over-image\" data-id=\"c5836bd\" data-element_type=\"column\" data-e-type=\"column\" data-settings=\"{&quot;background_background&quot;:&quot;classic&quot;}\">\n\t\t\t<div class=\"elementor-widget-wrap elementor-element-populated\">\n\t\t\t\t\t\t<div class=\"elementor-element elementor-element-fb5ffdb elementor-widget elementor-widget-heading\" data-id=\"fb5ffdb\" data-element_type=\"widget\" data-e-type=\"widget\" data-widget_type=\"heading.default\">\n\t\t\t\t<div class=\"elementor-widget-container\">\n\t\t\t\t\t<h6 class=\"elementor-heading-title elementor-size-default\">Thanh v\u00f2ng<\/h6>\t\t\t\t<\/div>\n\t\t\t\t<\/div>\n\t\t\t\t<div class=\"elementor-element elementor-element-edc23ba elementor-widget elementor-widget-image\" data-id=\"edc23ba\" data-element_type=\"widget\" data-e-type=\"widget\" data-widget_type=\"image.default\">\n\t\t\t\t<div class=\"elementor-widget-container\">\n\t\t\t\t\t\t\t\t\t\t\t\t\t\t\t<img loading=\"lazy\" decoding=\"async\" width=\"313\" height=\"205\" src=\"https:\/\/kgfrp.com\/wp-content\/uploads\/2025\/11\/type_bent_003.png\" class=\"attachment-large size-large wp-image-4149\" alt=\"\" srcset=\"https:\/\/kgfrp.com\/wp-content\/uploads\/2025\/11\/type_bent_003.png 313w, https:\/\/kgfrp.com\/wp-content\/uploads\/2025\/11\/type_bent_003-300x196.png 300w\" sizes=\"(max-width: 313px) 100vw, 313px\" \/>\t\t\t\t\t\t\t\t\t\t\t\t\t\t\t<\/div>\n\t\t\t\t<\/div>\n\t\t\t\t<div class=\"elementor-element elementor-element-c4294da elementor-widget elementor-widget-heading\" data-id=\"c4294da\" data-element_type=\"widget\" data-e-type=\"widget\" data-widget_type=\"heading.default\">\n\t\t\t\t<div class=\"elementor-widget-container\">\n\t\t\t\t\t<span class=\"elementor-heading-title elementor-size-default\">\u0110\u1ed9 b\u1ec1n k\u00e9o t\u1ea1i ti\u1ebft di\u1ec7n u\u1ed1n cong (Mpa)<\/span>\t\t\t\t<\/div>\n\t\t\t\t<\/div>\n\t\t\t\t<div class=\"elementor-element elementor-element-437a48d elementor-widget elementor-widget-heading\" data-id=\"437a48d\" data-element_type=\"widget\" data-e-type=\"widget\" data-widget_type=\"heading.default\">\n\t\t\t\t<div class=\"elementor-widget-container\">\n\t\t\t\t\t<h6 class=\"elementor-heading-title elementor-size-default\">D19<\/h6>\t\t\t\t<\/div>\n\t\t\t\t<\/div>\n\t\t\t\t<div class=\"elementor-element elementor-element-2396d74 elementor-widget elementor-widget-heading\" data-id=\"2396d74\" data-element_type=\"widget\" data-e-type=\"widget\" data-widget_type=\"heading.default\">\n\t\t\t\t<div class=\"elementor-widget-container\">\n\t\t\t\t\t<h6 class=\"elementor-heading-title elementor-size-default\">427<\/h6>\t\t\t\t<\/div>\n\t\t\t\t<\/div>\n\t\t\t\t\t<\/div>\n\t\t<\/div>\n\t\t\t\t\t<\/div>\n\t\t<\/section>\n\t\t\t\t<div class=\"elementor-element elementor-element-6f27b61 elementor-widget elementor-widget-heading\" data-id=\"6f27b61\" data-element_type=\"widget\" data-e-type=\"widget\" data-widget_type=\"heading.default\">\n\t\t\t\t<div class=\"elementor-widget-container\">\n\t\t\t\t\t<span class=\"elementor-heading-title elementor-size-default\">\u2265300 MPa tr\u1edf l\u00ean (\u0110\u1ea1t ti\u00eau chu\u1ea9n H\u00e0n Qu\u1ed1c)<\/span>\t\t\t\t<\/div>\n\t\t\t\t<\/div>\n\t\t\t\t\t<\/div>\n\t\t<\/div>\n\t\t\t\t\t<\/div>\n\t\t<\/section>\n\t\t\t\t<\/div>\n\t\t","protected":false},"excerpt":{"rendered":"<p>C\u00e1c s\u1ea3n ph\u1ea9m Lo\u1ea1i u\u1ed1n cong EPOXY GFRP U\u1ed1n cong (D\u1ef1 ki\u1ebfn cung c\u1ea5p v\u00e0o th\u00e1ng 10 n\u0103m 2026) Ti\u00eau chu\u1ea9n k\u1ef9 thu\u1eadtcho thanh Epoxy u\u1ed1n cong C\u00f4ng ngh\u1ec7 u\u1ed1n thanh c\u1ed1t GFRP t\u1ef1 \u0111\u1ed9ng h\u00e0ng \u0111\u1ea7u H\u00e0n Qu\u1ed1c Thanh u\u1ed1n cong 90\u00b0 \u0110\u1ed9 b\u1ec1n k\u00e9o t\u1ea1i ti\u1ebft di\u1ec7n u\u1ed1n cong (Mpa) D13 598 Thanh u\u1ed1n cong ch\u1eef U \u0110\u1ed9 b\u1ec1n k\u00e9o t\u1ea1i ti\u1ebft di\u1ec7n u\u1ed1n cong (Mpa) D16 586[&hellip;]<\/p>\n","protected":false},"author":1,"featured_media":0,"parent":0,"menu_order":4,"comment_status":"closed","ping_status":"closed","template":"elementor_header_footer","meta":{"_acf_changed":false,"footnotes":""},"class_list":["post-2059","page","type-page","status-publish","hentry"],"acf":[],"_links":{"self":[{"href":"https:\/\/kgfrp.com\/vi\/wp-json\/wp\/v2\/pages\/2059","targetHints":{"allow":["GET"]}}],"collection":[{"href":"https:\/\/kgfrp.com\/vi\/wp-json\/wp\/v2\/pages"}],"about":[{"href":"https:\/\/kgfrp.com\/vi\/wp-json\/wp\/v2\/types\/page"}],"author":[{"embeddable":true,"href":"https:\/\/kgfrp.com\/vi\/wp-json\/wp\/v2\/users\/1"}],"replies":[{"embeddable":true,"href":"https:\/\/kgfrp.com\/vi\/wp-json\/wp\/v2\/comments?post=2059"}],"version-history":[{"count":2,"href":"https:\/\/kgfrp.com\/vi\/wp-json\/wp\/v2\/pages\/2059\/revisions"}],"predecessor-version":[{"id":9283,"href":"https:\/\/kgfrp.com\/vi\/wp-json\/wp\/v2\/pages\/2059\/revisions\/9283"}],"wp:attachment":[{"href":"https:\/\/kgfrp.com\/vi\/wp-json\/wp\/v2\/media?parent=2059"}],"curies":[{"name":"wp","href":"https:\/\/api.w.org\/{rel}","templated":true}]}}