{"id":2098,"date":"2025-10-22T08:49:13","date_gmt":"2025-10-22T08:49:13","guid":{"rendered":"https:\/\/kgfrp.com\/gfrp-trien-vong-thi-truong\/"},"modified":"2025-11-30T13:01:16","modified_gmt":"2025-11-30T13:01:16","slug":"gfrp-trien-vong-thi-truong","status":"publish","type":"page","link":"https:\/\/kgfrp.com\/vi\/gfrp-trien-vong-thi-truong\/","title":{"rendered":"GFRP &#8211; Tri\u1ec3n v\u1ecdng th\u1ecb tr\u01b0\u1eddng"},"content":{"rendered":"\t\t<div data-elementor-type=\"wp-page\" data-elementor-id=\"2098\" class=\"elementor elementor-2098 elementor-639\">\n\t\t\t\t\t\t<div class=\"elementor-section elementor-top-section elementor-element elementor-element-4b90dbc elementor-section-stretched dsvy-icon-box-hover-effect dsvy-col-stretched-both elementor-section-full_width dsvy-bg-color-over-image elementor-section-height-default elementor-section-height-default\" data-id=\"4b90dbc\" data-element_type=\"section\" data-e-type=\"section\" data-settings=\"{&quot;stretch_section&quot;:&quot;section-stretched&quot;,&quot;background_background&quot;:&quot;classic&quot;}\">\n\t\t\t\t\t\t<div class=\"elementor-container elementor-column-gap-no\">\n\t\t\t\t\t<div class=\"elementor-column elementor-col-100 elementor-top-column elementor-element elementor-element-9e5fcea dsvy-bg-color-over-image\" data-id=\"9e5fcea\" data-element_type=\"column\" data-e-type=\"column\">\n\t\t\t<div class=\"elementor-widget-wrap elementor-element-populated\">\n\t\t\t\t\t\t<section class=\"elementor-section elementor-inner-section elementor-element elementor-element-db7ae4f dsvy-col-stretched-none dsvy-bg-color-over-image elementor-section-boxed elementor-section-height-default elementor-section-height-default\" data-id=\"db7ae4f\" data-element_type=\"section\" data-e-type=\"section\">\n\t\t\t\t\t\t<div class=\"elementor-container elementor-column-gap-default\">\n\t\t\t\t\t<div class=\"elementor-column elementor-col-100 elementor-inner-column elementor-element elementor-element-dfec536 dsvy-bg-color-over-image\" data-id=\"dfec536\" data-element_type=\"column\" data-e-type=\"column\" data-settings=\"{&quot;background_background&quot;:&quot;classic&quot;}\">\n\t\t\t<div class=\"elementor-widget-wrap elementor-element-populated\">\n\t\t\t\t\t\t<div class=\"elementor-element elementor-element-e61743b dsvy-align-center elementor-widget elementor-widget-dsvy_heading\" data-id=\"e61743b\" data-element_type=\"widget\" data-e-type=\"widget\" data-widget_type=\"dsvy_heading.default\">\n\t\t\t\t<div class=\"elementor-widget-container\">\n\t\t\t\t\t\t<div class=\"dsvy-heading-subheading center-align dsvy-reverse-heading-yes\"><h4 class=\"dsvy-element-subtitle\"><span>\r\n\t\t\t<\/span>\r\n\t\t\t\r\n\t\t\t\tTri\u1ec3n v\u1ecdng th\u1ecb tr\u01b0\u1eddng\r\n\t\t\t\r\n\t\t\t<\/h4>\r\n\t\t<h2 class=\"dsvy-element-title\">\r\n\t\t\t\r\n\t\t\t\tTri\u1ec3n v\u1ecdng to\u00e0n c\u1ea7u<br>cho th\u1ecb tr\u01b0\u1eddng thanh thanh c\u1ed1t GFRP\r\n\t\t\t\r\n\t\t\t<\/h2>\r\n\t\t<div class=\"dsvy-heading-desc\">Th\u1ecb tr\u01b0\u1eddng thanh c\u1ed1t GFRP to\u00e0n c\u1ea7u d\u1ef1 ki\u1ebfn s\u1ebd t\u0103ng tr\u01b0\u1edfng \u1ed5n \u0111\u1ecbnh cho \u0111\u1ebfn n\u0103m 2030, v\u1edbi nhu c\u1ea7u t\u0103ng m\u1ea1nh, \u0111\u1eb7c bi\u1ec7t l\u00e0 trong c\u00e1c c\u01a1 s\u1edf h\u1ea1 t\u1ea7ng t\u1eadp trung v\u00e0o vi\u1ec7c ph\u00f2ng ch\u1ed1ng \u0103n m\u00f2n v\u00e0 \u0111\u1ed9 b\u1ec1n.<\/div><\/div>\t\t\t\t<\/div>\n\t\t\t\t<\/div>\n\t\t\t\t\t<\/div>\n\t\t<\/div>\n\t\t\t\t\t<\/div>\n\t\t<\/section>\n\t\t\t\t<section class=\"elementor-section elementor-inner-section elementor-element elementor-element-83d23d2 dsvy-col-stretched-none dsvy-bg-color-over-image elementor-section-boxed elementor-section-height-default elementor-section-height-default\" data-id=\"83d23d2\" data-element_type=\"section\" data-e-type=\"section\">\n\t\t\t\t\t\t<div class=\"elementor-container elementor-column-gap-default\">\n\t\t\t\t\t<div class=\"elementor-column elementor-col-100 elementor-inner-column elementor-element elementor-element-9e8637b dsvy-bg-color-over-image\" data-id=\"9e8637b\" data-element_type=\"column\" data-e-type=\"column\" data-settings=\"{&quot;background_background&quot;:&quot;classic&quot;}\">\n\t\t\t<div class=\"elementor-widget-wrap elementor-element-populated\">\n\t\t\t\t\t\t<div class=\"elementor-element elementor-element-03fbca3 elementor-widget elementor-widget-image\" data-id=\"03fbca3\" data-element_type=\"widget\" data-e-type=\"widget\" data-widget_type=\"image.default\">\n\t\t\t\t<div class=\"elementor-widget-container\">\n\t\t\t\t\t\t\t\t\t\t\t\t\t\t\t<img fetchpriority=\"high\" decoding=\"async\" width=\"553\" height=\"318\" src=\"https:\/\/kgfrp.com\/wp-content\/uploads\/2025\/10\/diagram_gfrp_market.svg\" class=\"attachment-dsvy-img-600x700 size-dsvy-img-600x700 wp-image-2099\" alt=\"\" \/>\t\t\t\t\t\t\t\t\t\t\t\t\t\t\t<\/div>\n\t\t\t\t<\/div>\n\t\t\t\t\t<\/div>\n\t\t<\/div>\n\t\t\t\t\t<\/div>\n\t\t<\/section>\n\t\t\t\t<section class=\"elementor-section elementor-inner-section elementor-element elementor-element-7098810 dsvy-col-stretched-none dsvy-bg-color-over-image elementor-section-boxed elementor-section-height-default elementor-section-height-default\" data-id=\"7098810\" data-element_type=\"section\" data-e-type=\"section\">\n\t\t\t\t\t\t<div class=\"elementor-container elementor-column-gap-default\">\n\t\t\t\t\t<div class=\"elementor-column elementor-col-100 elementor-inner-column elementor-element elementor-element-185dce9 dsvy-bg-color-over-image\" data-id=\"185dce9\" data-element_type=\"column\" data-e-type=\"column\" data-settings=\"{&quot;background_background&quot;:&quot;classic&quot;}\">\n\t\t\t<div class=\"elementor-widget-wrap elementor-element-populated\">\n\t\t\t\t\t\t<div class=\"elementor-element elementor-element-eed0db0 elementor-widget elementor-widget-text-editor\" data-id=\"eed0db0\" data-element_type=\"widget\" data-e-type=\"widget\" data-widget_type=\"text-editor.default\">\n\t\t\t\t<div class=\"elementor-widget-container\">\n\t\t\t\t\t\t\t\t\t<p>T\u1eeb n\u0103m 2024 \u0111\u1ebfn n\u0103m 2030, t\u1ed1c \u0111\u1ed9 t\u0103ng tr\u01b0\u1edfng k\u00e9p h\u00e0ng n\u0103m (CAGR) c\u1ee7a th\u1ecb tr\u01b0\u1eddng GFRP d\u1ef1 ki\u1ebfn s\u1ebd v\u00e0o kho\u1ea3ng 11 ~ 12%.<\/p>\t\t\t\t\t\t\t\t<\/div>\n\t\t\t\t<\/div>\n\t\t\t\t\t<\/div>\n\t\t<\/div>\n\t\t\t\t\t<\/div>\n\t\t<\/section>\n\t\t\t\t\t<\/div>\n\t\t<\/div>\n\t\t\t\t\t<\/div>\n\t\t<\/div>\n\t\t\t\t<div class=\"elementor-section elementor-top-section elementor-element elementor-element-dc428bd dsvy-bg-color-yes dsvy-elementor-bg-color-white elementor-section-stretched dsvy-icon-box-hover-effect dsvy-col-stretched-both elementor-section-full_width dsvy-bg-color-over-image elementor-section-height-default elementor-section-height-default\" data-id=\"dc428bd\" data-element_type=\"section\" data-e-type=\"section\" data-settings=\"{&quot;stretch_section&quot;:&quot;section-stretched&quot;,&quot;background_background&quot;:&quot;classic&quot;}\">\n\t\t\t\t\t\t<div class=\"elementor-container elementor-column-gap-no\">\n\t\t\t\t\t<div class=\"elementor-column elementor-col-100 elementor-top-column elementor-element elementor-element-a90821c dsvy-bg-color-over-image\" data-id=\"a90821c\" data-element_type=\"column\" data-e-type=\"column\">\n\t\t\t<div class=\"elementor-widget-wrap elementor-element-populated\">\n\t\t\t\t\t\t<div class=\"elementor-element elementor-element-d9bfffc dsvy-align-center elementor-widget elementor-widget-dsvy_heading\" data-id=\"d9bfffc\" data-element_type=\"widget\" data-e-type=\"widget\" data-widget_type=\"dsvy_heading.default\">\n\t\t\t\t<div class=\"elementor-widget-container\">\n\t\t\t\t\t\t<div class=\"dsvy-heading-subheading center-align \"><h4 class=\"dsvy-element-title\">\r\n\t\t\t\r\n\t\t\t\tTi\u00eau chu\u1ea9n qu\u1ed1c t\u1ebf v\u1ec1 thanh c\u1ed1t GFRP\r\n\t\t\t\r\n\t\t\t<\/h4>\r\n\t\t<\/div>\t\t\t\t<\/div>\n\t\t\t\t<\/div>\n\t\t\t\t<section class=\"elementor-section elementor-inner-section elementor-element elementor-element-614d473 dsvy-col-stretched-none dsvy-bg-color-over-image elementor-section-boxed elementor-section-height-default elementor-section-height-default\" data-id=\"614d473\" data-element_type=\"section\" data-e-type=\"section\">\n\t\t\t\t\t\t<div class=\"elementor-container elementor-column-gap-default\">\n\t\t\t\t\t<div class=\"elementor-column elementor-col-50 elementor-inner-column elementor-element elementor-element-c5a64af dsvy-bg-color-over-image\" data-id=\"c5a64af\" data-element_type=\"column\" data-e-type=\"column\" data-settings=\"{&quot;background_background&quot;:&quot;classic&quot;}\">\n\t\t\t<div class=\"elementor-widget-wrap elementor-element-populated\">\n\t\t\t\t\t\t<div class=\"elementor-element elementor-element-ccaeb4d elementor-widget elementor-widget-heading\" data-id=\"ccaeb4d\" data-element_type=\"widget\" data-e-type=\"widget\" data-widget_type=\"heading.default\">\n\t\t\t\t<div class=\"elementor-widget-container\">\n\t\t\t\t\t<h5 class=\"elementor-heading-title elementor-size-default\">Hoa K\u1ef3<\/h5>\t\t\t\t<\/div>\n\t\t\t\t<\/div>\n\t\t\t\t<div class=\"elementor-element elementor-element-3ffb4e6 elementor-widget-divider--view-line elementor-widget elementor-widget-divider\" data-id=\"3ffb4e6\" data-element_type=\"widget\" data-e-type=\"widget\" data-widget_type=\"divider.default\">\n\t\t\t\t<div class=\"elementor-widget-container\">\n\t\t\t\t\t\t\t<div class=\"elementor-divider\">\n\t\t\t<span class=\"elementor-divider-separator\">\n\t\t\t\t\t\t<\/span>\n\t\t<\/div>\n\t\t\t\t\t\t<\/div>\n\t\t\t\t<\/div>\n\t\t\t\t<div class=\"elementor-element elementor-element-42f0b36 elementor-widget elementor-widget-text-editor\" data-id=\"42f0b36\" data-element_type=\"widget\" data-e-type=\"widget\" data-widget_type=\"text-editor.default\">\n\t\t\t\t<div class=\"elementor-widget-container\">\n\t\t\t\t\t\t\t\t\t<p>Vi\u1ec7n B\u00ea t\u00f4ng Hoa K\u1ef3 (ACI) v\u00e0 Hi\u1ec7p h\u1ed9i Quan ch\u1ee9c Giao th\u00f4ng v\u00e0 \u0110\u01b0\u1eddng cao t\u1ed1c Ti\u1ec3u bang Hoa K\u1ef3 (AASHTO) \u0111\u00e3 thi\u1ebft l\u1eadp c\u00e1c ti\u00eau chu\u1ea9n thi\u1ebft k\u1ebf v\u00e0 x\u00e2y d\u1ef1ng cho vi\u1ec7c s\u1eed d\u1ee5ng thanh c\u1ed1t GFRP trong ng\u00e0nh x\u00e2y d\u1ef1ng b\u1eaft \u0111\u1ea7u t\u1eeb n\u0103m 2006.<\/p>\t\t\t\t\t\t\t\t<\/div>\n\t\t\t\t<\/div>\n\t\t\t\t<div class=\"elementor-element elementor-element-bd1f778 elementor-widget elementor-widget-heading\" data-id=\"bd1f778\" data-element_type=\"widget\" data-e-type=\"widget\" data-widget_type=\"heading.default\">\n\t\t\t\t<div class=\"elementor-widget-container\">\n\t\t\t\t\t<h5 class=\"elementor-heading-title elementor-size-default\">Canada <\/h5>\t\t\t\t<\/div>\n\t\t\t\t<\/div>\n\t\t\t\t<div class=\"elementor-element elementor-element-55589f5 elementor-widget-divider--view-line elementor-widget elementor-widget-divider\" data-id=\"55589f5\" data-element_type=\"widget\" data-e-type=\"widget\" data-widget_type=\"divider.default\">\n\t\t\t\t<div class=\"elementor-widget-container\">\n\t\t\t\t\t\t\t<div class=\"elementor-divider\">\n\t\t\t<span class=\"elementor-divider-separator\">\n\t\t\t\t\t\t<\/span>\n\t\t<\/div>\n\t\t\t\t\t\t<\/div>\n\t\t\t\t<\/div>\n\t\t\t\t<div class=\"elementor-element elementor-element-2db7678 elementor-widget elementor-widget-text-editor\" data-id=\"2db7678\" data-element_type=\"widget\" data-e-type=\"widget\" data-widget_type=\"text-editor.default\">\n\t\t\t\t<div class=\"elementor-widget-container\">\n\t\t\t\t\t\t\t\t\t<p>Qu\u1ed1c gia \u0111\u1ea7u ti\u00ean ph\u00e1t tri\u1ec3n v\u00e0 \u00e1p d\u1ee5ng r\u1ed9ng r\u00e3i c\u00e1c ti\u00eau chu\u1ea9n GFRP.<\/p><p>Hi\u1ec7p h\u1ed9i Ti\u00eau chu\u1ea9n Canada (CSA) \u0111\u00e3 th\u00eam c\u00e1c ph\u1ea7n FRP v\u00e0o m\u00e3 thi\u1ebft k\u1ebf \u0111\u01b0\u1eddng cao t\u1ed1c v\u00e0 ban h\u00e0nh c\u00e1c ti\u00eau chu\u1ea9n qu\u1ed1c gia.<\/p>\t\t\t\t\t\t\t\t<\/div>\n\t\t\t\t<\/div>\n\t\t\t\t<div class=\"elementor-element elementor-element-9203dfd elementor-widget elementor-widget-heading\" data-id=\"9203dfd\" data-element_type=\"widget\" data-e-type=\"widget\" data-widget_type=\"heading.default\">\n\t\t\t\t<div class=\"elementor-widget-container\">\n\t\t\t\t\t<h5 class=\"elementor-heading-title elementor-size-default\">Ch\u00e2u \u00c2u<\/h5>\t\t\t\t<\/div>\n\t\t\t\t<\/div>\n\t\t\t\t<div class=\"elementor-element elementor-element-8423947 elementor-widget-divider--view-line elementor-widget elementor-widget-divider\" data-id=\"8423947\" data-element_type=\"widget\" data-e-type=\"widget\" data-widget_type=\"divider.default\">\n\t\t\t\t<div class=\"elementor-widget-container\">\n\t\t\t\t\t\t\t<div class=\"elementor-divider\">\n\t\t\t<span class=\"elementor-divider-separator\">\n\t\t\t\t\t\t<\/span>\n\t\t<\/div>\n\t\t\t\t\t\t<\/div>\n\t\t\t\t<\/div>\n\t\t\t\t<div class=\"elementor-element elementor-element-336c3e4 elementor-widget elementor-widget-text-editor\" data-id=\"336c3e4\" data-element_type=\"widget\" data-e-type=\"widget\" data-widget_type=\"text-editor.default\">\n\t\t\t\t<div class=\"elementor-widget-container\">\n\t\t\t\t\t\t\t\t\t<p>B\u1ed9 lu\u1eadt FIB \u0111\u00e3 thi\u1ebft l\u1eadp c\u00e1c ti\u00eau chu\u1ea9n gia c\u01b0\u1eddng cho k\u1ebft c\u1ea5u b\u00ea t\u00f4ng c\u1ed1t th\u00e9p s\u1eed d\u1ee5ng c\u1ed1t th\u00e9p FRP.<\/p>\t\t\t\t\t\t\t\t<\/div>\n\t\t\t\t<\/div>\n\t\t\t\t\t<\/div>\n\t\t<\/div>\n\t\t\t\t<div class=\"elementor-column elementor-col-50 elementor-inner-column elementor-element elementor-element-cd461ef dsvy-bg-color-over-image\" data-id=\"cd461ef\" data-element_type=\"column\" data-e-type=\"column\">\n\t\t\t<div class=\"elementor-widget-wrap elementor-element-populated\">\n\t\t\t\t\t\t<div class=\"elementor-element elementor-element-b9706c9 elementor-widget elementor-widget-image\" data-id=\"b9706c9\" data-element_type=\"widget\" data-e-type=\"widget\" data-widget_type=\"image.default\">\n\t\t\t\t<div class=\"elementor-widget-container\">\n\t\t\t\t\t\t\t\t\t\t\t\t\t\t\t<img decoding=\"async\" width=\"847\" height=\"847\" src=\"https:\/\/kgfrp.com\/wp-content\/uploads\/2025\/10\/diagram_market_logos.jpg\" class=\"attachment-large size-large wp-image-2100\" alt=\"\" srcset=\"https:\/\/kgfrp.com\/wp-content\/uploads\/2025\/10\/diagram_market_logos.jpg 1000w, https:\/\/kgfrp.com\/wp-content\/uploads\/2025\/10\/diagram_market_logos-300x300.jpg 300w, https:\/\/kgfrp.com\/wp-content\/uploads\/2025\/10\/diagram_market_logos-150x150.jpg 150w, https:\/\/kgfrp.com\/wp-content\/uploads\/2025\/10\/diagram_market_logos-768x768.jpg 768w, https:\/\/kgfrp.com\/wp-content\/uploads\/2025\/10\/diagram_market_logos-770x770.jpg 770w\" sizes=\"(max-width: 847px) 100vw, 847px\" \/>\t\t\t\t\t\t\t\t\t\t\t\t\t\t\t<\/div>\n\t\t\t\t<\/div>\n\t\t\t\t\t<\/div>\n\t\t<\/div>\n\t\t\t\t\t<\/div>\n\t\t<\/section>\n\t\t\t\t\t<\/div>\n\t\t<\/div>\n\t\t\t\t\t<\/div>\n\t\t<\/div>\n\t\t\t\t<\/div>\n\t\t","protected":false},"excerpt":{"rendered":"<p>Tri\u1ec3n v\u1ecdng th\u1ecb tr\u01b0\u1eddng Tri\u1ec3n v\u1ecdng to\u00e0n c\u1ea7ucho th\u1ecb tr\u01b0\u1eddng thanh thanh c\u1ed1t GFRP Th\u1ecb tr\u01b0\u1eddng thanh c\u1ed1t GFRP to\u00e0n c\u1ea7u d\u1ef1 ki\u1ebfn s\u1ebd t\u0103ng tr\u01b0\u1edfng \u1ed5n \u0111\u1ecbnh cho \u0111\u1ebfn n\u0103m 2030, v\u1edbi nhu c\u1ea7u t\u0103ng m\u1ea1nh, \u0111\u1eb7c bi\u1ec7t l\u00e0 trong c\u00e1c c\u01a1 s\u1edf h\u1ea1 t\u1ea7ng t\u1eadp trung v\u00e0o vi\u1ec7c ph\u00f2ng ch\u1ed1ng \u0103n m\u00f2n v\u00e0 \u0111\u1ed9 b\u1ec1n. T\u1eeb n\u0103m 2024 \u0111\u1ebfn n\u0103m 2030, t\u1ed1c \u0111\u1ed9 t\u0103ng tr\u01b0\u1edfng k\u00e9p h\u00e0ng n\u0103m[&hellip;]<\/p>\n","protected":false},"author":1,"featured_media":0,"parent":0,"menu_order":4,"comment_status":"closed","ping_status":"closed","template":"elementor_header_footer","meta":{"_acf_changed":false,"footnotes":""},"class_list":["post-2098","page","type-page","status-publish","hentry"],"acf":[],"_links":{"self":[{"href":"https:\/\/kgfrp.com\/vi\/wp-json\/wp\/v2\/pages\/2098","targetHints":{"allow":["GET"]}}],"collection":[{"href":"https:\/\/kgfrp.com\/vi\/wp-json\/wp\/v2\/pages"}],"about":[{"href":"https:\/\/kgfrp.com\/vi\/wp-json\/wp\/v2\/types\/page"}],"author":[{"embeddable":true,"href":"https:\/\/kgfrp.com\/vi\/wp-json\/wp\/v2\/users\/1"}],"replies":[{"embeddable":true,"href":"https:\/\/kgfrp.com\/vi\/wp-json\/wp\/v2\/comments?post=2098"}],"version-history":[{"count":0,"href":"https:\/\/kgfrp.com\/vi\/wp-json\/wp\/v2\/pages\/2098\/revisions"}],"wp:attachment":[{"href":"https:\/\/kgfrp.com\/vi\/wp-json\/wp\/v2\/media?parent=2098"}],"curies":[{"name":"wp","href":"https:\/\/api.w.org\/{rel}","templated":true}]}}