{"id":2144,"date":"2020-06-03T09:25:39","date_gmt":"2020-06-03T09:25:39","guid":{"rendered":"https:\/\/kgfrp.com\/lien-he-voi-chung-toi\/"},"modified":"2025-11-30T13:24:55","modified_gmt":"2025-11-30T13:24:55","slug":"lien-he-voi-chung-toi","status":"publish","type":"page","link":"https:\/\/kgfrp.com\/vi\/lien-he-voi-chung-toi\/","title":{"rendered":"Li\u00ean h\u1ec7 v\u1edbi ch\u00fang t\u00f4i"},"content":{"rendered":"\t\t<div data-elementor-type=\"wp-page\" data-elementor-id=\"2144\" class=\"elementor elementor-2144 elementor-42\">\n\t\t\t\t\t\t<div class=\"elementor-section elementor-top-section elementor-element elementor-element-e3ec631 dsvy-bg-color-yes dsvy-elementor-bg-color-white elementor-section-stretched dsvy-icon-box-hover-effect dsvy-col-stretched-none dsvy-bg-color-over-image elementor-section-boxed elementor-section-height-default elementor-section-height-default\" data-id=\"e3ec631\" data-element_type=\"section\" data-e-type=\"section\" data-settings=\"{&quot;stretch_section&quot;:&quot;section-stretched&quot;}\">\n\t\t\t\t\t\t<div class=\"elementor-container elementor-column-gap-no\">\n\t\t\t\t\t<div class=\"elementor-column elementor-col-100 elementor-top-column elementor-element elementor-element-8ec8619 dsvy-bg-color-over-image\" data-id=\"8ec8619\" data-element_type=\"column\" data-e-type=\"column\">\n\t\t\t<div class=\"elementor-widget-wrap elementor-element-populated\">\n\t\t\t\t\t\t<section class=\"elementor-section elementor-inner-section elementor-element elementor-element-1c1dcee dsvy-col-stretched-none dsvy-bg-color-over-image elementor-section-boxed elementor-section-height-default elementor-section-height-default\" data-id=\"1c1dcee\" data-element_type=\"section\" data-e-type=\"section\">\n\t\t\t\t\t\t<div class=\"elementor-container elementor-column-gap-no\">\n\t\t\t\t\t<div class=\"elementor-column elementor-col-50 elementor-inner-column elementor-element elementor-element-430ddfa dsvy-bg-color-over-image\" data-id=\"430ddfa\" data-element_type=\"column\" data-e-type=\"column\">\n\t\t\t<div class=\"elementor-widget-wrap elementor-element-populated\">\n\t\t\t\t\t\t<div class=\"elementor-element elementor-element-59fe700 dsvy-align-left elementor-widget elementor-widget-dsvy_heading\" data-id=\"59fe700\" data-element_type=\"widget\" data-e-type=\"widget\" data-widget_type=\"dsvy_heading.default\">\n\t\t\t\t<div class=\"elementor-widget-container\">\n\t\t\t\t\t\t<div class=\"dsvy-heading-subheading left-align dsvy-reverse-heading-yes\"><h4 class=\"dsvy-element-subtitle\"><span>\r\n\t\t\t<\/span>\r\n\t\t\t\r\n\t\t\t\tV\u1ec1 ch\u00fang t\u00f4i\r\n\t\t\t\r\n\t\t\t<\/h4>\r\n\t\t<h2 class=\"dsvy-element-title\">\r\n\t\t\t\r\n\t\t\t\tK-GFRP \u2013 Ti\u00ean phong \u0110\u1ed5i m\u1edbi trong V\u1eadt li\u1ec7u Gia c\u01b0\u1eddng Th\u00e2n thi\u1ec7n v\u1edbi M\u00f4i tr\u01b0\u1eddng \r\n\t\t\t\r\n\t\t\t<\/h2>\r\n\t\t<\/div>\t\t\t\t<\/div>\n\t\t\t\t<\/div>\n\t\t\t\t<div class=\"elementor-element elementor-element-ea43756 elementor-widget elementor-widget-image\" data-id=\"ea43756\" data-element_type=\"widget\" data-e-type=\"widget\" data-widget_type=\"image.default\">\n\t\t\t\t<div class=\"elementor-widget-container\">\n\t\t\t\t\t\t\t\t\t\t\t\t\t\t\t<img fetchpriority=\"high\" decoding=\"async\" width=\"847\" height=\"565\" src=\"https:\/\/kgfrp.com\/wp-content\/uploads\/2025\/10\/factory_new-1024x683.jpg\" class=\"attachment-large size-large wp-image-2145\" alt=\"\" srcset=\"https:\/\/kgfrp.com\/wp-content\/uploads\/2025\/10\/factory_new-1024x683.jpg 1024w, https:\/\/kgfrp.com\/wp-content\/uploads\/2025\/10\/factory_new-300x200.jpg 300w, https:\/\/kgfrp.com\/wp-content\/uploads\/2025\/10\/factory_new-768x512.jpg 768w, https:\/\/kgfrp.com\/wp-content\/uploads\/2025\/10\/factory_new-770x513.jpg 770w, https:\/\/kgfrp.com\/wp-content\/uploads\/2025\/10\/factory_new.jpg 1536w\" sizes=\"(max-width: 847px) 100vw, 847px\" \/>\t\t\t\t\t\t\t\t\t\t\t\t\t\t\t<\/div>\n\t\t\t\t<\/div>\n\t\t\t\t\t<\/div>\n\t\t<\/div>\n\t\t\t\t<div class=\"elementor-column elementor-col-50 elementor-inner-column elementor-element elementor-element-d10841d dsvy-bg-color-over-image\" data-id=\"d10841d\" data-element_type=\"column\" data-e-type=\"column\">\n\t\t\t<div class=\"elementor-widget-wrap elementor-element-populated\">\n\t\t\t\t\t\t<div class=\"elementor-element elementor-element-fc3493c elementor-widget elementor-widget-text-editor\" data-id=\"fc3493c\" data-element_type=\"widget\" data-e-type=\"widget\" data-widget_type=\"text-editor.default\">\n\t\t\t\t<div class=\"elementor-widget-container\">\n\t\t\t\t\t\t\t\t\t<p>K-GFRP l\u00e0 c\u00f4ng ty h\u00e0ng \u0111\u1ea7u ti\u00ean phong trong t\u01b0\u01a1ng lai c\u1ee7a ng\u00e0nh c\u00f4ng nghi\u1ec7p thay th\u1ebf c\u1ed1t th\u00e9p, \u0111\u01b0\u1ee3c x\u00e2y d\u1ef1ng d\u1ef1a tr\u00ean c\u00e1c gi\u00e1 tr\u1ecb c\u1ed1t l\u00f5i l\u00e0 \u0111\u1ed5i m\u1edbi v\u00e0 tin c\u1eady.<\/p><p>V\u1edbi chuy\u00ean m\u00f4n s\u00e2u r\u1ed9ng v\u1ec1 c\u00f4ng ngh\u1ec7 thanh c\u1ed1t GFRP g\u1ed1c epoxy, K-GFRP lu\u00f4n cung c\u1ea5p cho th\u1ecb tr\u01b0\u1eddng nh\u1eefng s\u1ea3n ph\u1ea9m ch\u1ea5t l\u01b0\u1ee3ng cao, th\u00e2n thi\u1ec7n v\u1edbi m\u00f4i tr\u01b0\u1eddng v\u00e0 ti\u1ebft ki\u1ec7m chi ph\u00ed.<br>C\u00e1c thanh thanh c\u1ed1t Epoxy c\u1ee7a ch\u00fang t\u00f4i c\u00f3 \u0111\u1ed9 b\u1ec1n cao v\u00e0 \u0111\u1ed9 b\u1ec1n v\u01b0\u1ee3t tr\u1ed9i, mang l\u1ea1i hi\u1ec7u su\u1ea5t v\u01b0\u1ee3t tr\u1ed9i, t\u1ea1o n\u00ean s\u1ef1 kh\u00e1c bi\u1ec7t trong ng\u00e0nh x\u00e2y d\u1ef1ng.<\/p><p>K-GFRP tin r\u1eb1ng c\u00f4ng ngh\u1ec7 \u0111\u00e3 \u0111\u01b0\u1ee3c ch\u1ee9ng minh l\u00e0 \u0111\u1ed9ng l\u1ef1c cho s\u1ef1 \u0111\u1ed5i m\u1edbi trong t\u01b0\u01a1ng lai.<br>V\u1edbi ni\u1ec1m tin n\u00e0y, ch\u00fang t\u00f4i cam k\u1ebft k\u1ebft n\u1ed1i s\u1ef1 \u0111\u1ed5i m\u1edbi v\u1eadt li\u1ec7u th\u00e2n thi\u1ec7n v\u1edbi m\u00f4i tr\u01b0\u1eddng v\u1edbi kh\u00e1ch h\u00e0ng, thi\u1ebft l\u1eadp m\u1ed9t ti\u00eau chu\u1ea9n m\u1edbi cho ng\u00e0nh x\u00e2y d\u1ef1ng.<\/p>\t\t\t\t\t\t\t\t<\/div>\n\t\t\t\t<\/div>\n\t\t\t\t\t<\/div>\n\t\t<\/div>\n\t\t\t\t\t<\/div>\n\t\t<\/section>\n\t\t\t\t\t<\/div>\n\t\t<\/div>\n\t\t\t\t\t<\/div>\n\t\t<\/div>\n\t\t\t\t<section class=\"elementor-section elementor-top-section elementor-element elementor-element-2e7ab52 dsvy-bg-color-yes dsvy-elementor-bg-color-white elementor-section-stretched dsvy-col-stretched-none dsvy-bg-color-over-image elementor-section-boxed elementor-section-height-default elementor-section-height-default\" data-id=\"2e7ab52\" data-element_type=\"section\" data-e-type=\"section\" data-settings=\"{&quot;stretch_section&quot;:&quot;section-stretched&quot;}\">\n\t\t\t\t\t\t<div class=\"elementor-container elementor-column-gap-no\">\n\t\t\t\t\t<div class=\"elementor-column elementor-col-50 elementor-top-column elementor-element elementor-element-a36e5f3 dsvy-bg-color-over-image\" data-id=\"a36e5f3\" data-element_type=\"column\" data-e-type=\"column\">\n\t\t\t<div class=\"elementor-widget-wrap elementor-element-populated\">\n\t\t\t\t\t\t<div class=\"elementor-element elementor-element-470f6f9 dsvy-align-left elementor-widget elementor-widget-dsvy_heading\" data-id=\"470f6f9\" data-element_type=\"widget\" data-e-type=\"widget\" data-widget_type=\"dsvy_heading.default\">\n\t\t\t\t<div class=\"elementor-widget-container\">\n\t\t\t\t\t\t<div class=\"dsvy-heading-subheading left-align dsvy-reverse-heading-yes\"><h4 class=\"dsvy-element-subtitle\"><span>\r\n\t\t\t<\/span>\r\n\t\t\t\r\n\t\t\t\tLi\u00ean h\u1ec7 v\u1edbi ch\u00fang t\u00f4i\r\n\t\t\t\r\n\t\t\t<\/h4>\r\n\t\t<h2 class=\"dsvy-element-title\">\r\n\t\t\t\r\n\t\t\t\tLi\u00ean l\u1ea1c\n\r\n\t\t\t\r\n\t\t\t<\/h2>\r\n\t\t<\/div>\t\t\t\t<\/div>\n\t\t\t\t<\/div>\n\t\t\t\t<div class=\"elementor-element elementor-element-d1be866 elementor-widget elementor-widget-dsvy_icon_heading\" data-id=\"d1be866\" data-element_type=\"widget\" data-e-type=\"widget\" data-widget_type=\"dsvy_icon_heading.default\">\n\t\t\t\t<div class=\"elementor-widget-container\">\n\t\t\t\t\t<div class=\"dsvy-ihbox dsvy-ihbox-style-3\"><div class=\"dsvy-ihbox-box\">\r\n\t<div class=\"dsvy-ihbox-headingicon\">\r\n\t\t<div class=\"dsvy-ihbox-icon\"><div class=\"dsvy-ihbox-icon-wrapper\"><i class=\"dsvy-colza-icon dsvy-colza-icon-location\"><\/i><\/div><\/div>\t\t<div class=\"dsvy-ihbox-contents\">\r\n\t\t\t<h2 class=\"dsvy-element-title\">\r\n\t\t\t\t\t\r\n\t\t\t\t\t\tV\u1ecb tr\u00ed c\u1ee7a ch\u00fang t\u00f4i\r\n\t\t\t\t\t\r\n\t\t\t\t\t<\/h2>\r\n\t\t\t\t\t\t\t\t\t\t<div class=\"dsvy-heading-desc\">3rd Floor, 937 Dongil-ro, Jungnang-gu, Seoul, Korea, 02002<\/div>\t\t\t\t\t<\/div><!-- .dsvy-ihbox-contents -->\r\n\t<\/div>\r\n<\/div>\r\n<\/div>\t\t\t\t<\/div>\n\t\t\t\t<\/div>\n\t\t\t\t<div class=\"elementor-element elementor-element-1912e04 elementor-widget elementor-widget-dsvy_icon_heading\" data-id=\"1912e04\" data-element_type=\"widget\" data-e-type=\"widget\" data-widget_type=\"dsvy_icon_heading.default\">\n\t\t\t\t<div class=\"elementor-widget-container\">\n\t\t\t\t\t<div class=\"dsvy-ihbox dsvy-ihbox-style-3\"><div class=\"dsvy-ihbox-box\">\r\n\t<div class=\"dsvy-ihbox-headingicon\">\r\n\t\t<div class=\"dsvy-ihbox-icon\"><div class=\"dsvy-ihbox-icon-wrapper\"><i class=\"dsvy-colza-icon dsvy-colza-icon-phone\"><\/i><\/div><\/div>\t\t<div class=\"dsvy-ihbox-contents\">\r\n\t\t\t<h2 class=\"dsvy-element-title\">\r\n\t\t\t\t\t\r\n\t\t\t\t\t\tTh\u00f4ng s\u1ed1 k\u1ef9 thu\u1eadt ch\u00ednh c\u1ee7a K-GFRP\r\n\t\t\t\t\t\r\n\t\t\t\t\t<\/h2>\r\n\t\t\t\t\t\t\t\t\t\t<div class=\"dsvy-heading-desc\">+82-2-949-2599<br>+82-2-3436-2567<\/div>\t\t\t\t\t<\/div><!-- .dsvy-ihbox-contents -->\r\n\t<\/div>\r\n<\/div>\r\n<\/div>\t\t\t\t<\/div>\n\t\t\t\t<\/div>\n\t\t\t\t<div class=\"elementor-element elementor-element-90bd30f elementor-widget elementor-widget-dsvy_icon_heading\" data-id=\"90bd30f\" data-element_type=\"widget\" data-e-type=\"widget\" data-widget_type=\"dsvy_icon_heading.default\">\n\t\t\t\t<div class=\"elementor-widget-container\">\n\t\t\t\t\t<div class=\"dsvy-ihbox dsvy-ihbox-style-3\"><div class=\"dsvy-ihbox-box\">\r\n\t<div class=\"dsvy-ihbox-headingicon\">\r\n\t\t<div class=\"dsvy-ihbox-icon\"><div class=\"dsvy-ihbox-icon-wrapper\"><i class=\"dsvy-colza-icon dsvy-colza-icon-email\"><\/i><\/div><\/div>\t\t<div class=\"dsvy-ihbox-contents\">\r\n\t\t\t<h2 class=\"dsvy-element-title\">\r\n\t\t\t\t\t\r\n\t\t\t\t\t\t\u0110\u1ecba ch\u1ec9 email\r\n\t\t\t\t\t\r\n\t\t\t\t\t<\/h2>\r\n\t\t\t\t\t\t\t\t\t\t<div class=\"dsvy-heading-desc\">kgfrp@ckgo.co.kr<\/div>\t\t\t\t\t<\/div><!-- .dsvy-ihbox-contents -->\r\n\t<\/div>\r\n<\/div>\r\n<\/div>\t\t\t\t<\/div>\n\t\t\t\t<\/div>\n\t\t\t\t<div class=\"elementor-element elementor-element-5287c1f dsvy-social-links-inline elementor-hidden-desktop elementor-hidden-tablet elementor-hidden-mobile elementor-widget elementor-widget-text-editor\" data-id=\"5287c1f\" data-element_type=\"widget\" data-e-type=\"widget\" data-widget_type=\"text-editor.default\">\n\t\t\t\t<div class=\"elementor-widget-container\">\n\t\t\t\t\t\t\t\t\t<p><ul class=\"dsvy-social-links\"><li class=\"dsvy-social-li dsvy-social-facebook\"><a  href=\"#\" title=\"Facebook\" target=\"_blank\"><span><i class=\"dsvy-base-icon-facebook-squared\"><\/i><\/span><\/a><\/li><li class=\"dsvy-social-li dsvy-social-twitter\"><a  href=\"#\" title=\"Twitter\" target=\"_blank\"><span><i class=\"dsvy-base-icon-twitter-x\"><\/i><\/span><\/a><\/li><li class=\"dsvy-social-li dsvy-social-instagram\"><a  href=\"#\" title=\"Instagram\" target=\"_blank\"><span><i class=\"dsvy-base-icon-instagram\"><\/i><\/span><\/a><\/li><li class=\"dsvy-social-li dsvy-social-youtube\"><a  href=\"#\" title=\"Youtube\" target=\"_blank\"><span><i class=\"dsvy-base-icon-youtube-play\"><\/i><\/span><\/a><\/li><\/ul><\/p>\t\t\t\t\t\t\t\t<\/div>\n\t\t\t\t<\/div>\n\t\t\t\t\t<\/div>\n\t\t<\/div>\n\t\t\t\t<div class=\"elementor-column elementor-col-50 elementor-top-column elementor-element elementor-element-b5fccce dsvy-bg-color-yes dsvy-elementor-bg-color-blackish dsvy-text-color-white dsvy-bg-color-over-image\" data-id=\"b5fccce\" data-element_type=\"column\" data-e-type=\"column\">\n\t\t\t<div class=\"elementor-widget-wrap elementor-element-populated\">\n\t\t\t\t\t\t<div class=\"elementor-element elementor-element-8b0aedc dsvy-align-left elementor-widget elementor-widget-dsvy_custom_heading\" data-id=\"8b0aedc\" data-element_type=\"widget\" data-e-type=\"widget\" data-widget_type=\"dsvy_custom_heading.default\">\n\t\t\t\t<div class=\"elementor-widget-container\">\n\t\t\t\t\t\t<div class=\"dsvy-custom-heading left-align\"><h3 class=\"dsvy-element-title\">\r\n\t\t\t\r\n\t\t\t\tG\u1eedi y\u00eau c\u1ea7u c\u1ee7a b\u1ea1n\r\n\t\t\t\r\n\t\t\t<\/h3>\r\n\t\t<\/div>\t\t\t\t<\/div>\n\t\t\t\t<\/div>\n\t\t\t\t<div class=\"elementor-element elementor-element-a234dcb elementor-widget elementor-widget-shortcode\" data-id=\"a234dcb\" data-element_type=\"widget\" data-e-type=\"widget\" data-widget_type=\"shortcode.default\">\n\t\t\t\t<div class=\"elementor-widget-container\">\n\t\t\t\t\t\t\t<div class=\"elementor-shortcode\"><style id=\"wpforms-css-vars-1144\">\n\t\t\t\t#wpforms-1144 {\n\t\t\t\t--wpforms-container-padding: 0px;\n--wpforms-container-border-width: 1px;\n--wpforms-container-border-radius: 3px;\n--wpforms-background-color: rgba(0, 0, 0, 0);\n--wpforms-field-size-input-height: 43px;\n--wpforms-field-size-input-spacing: 15px;\n--wpforms-field-size-font-size: 16px;\n--wpforms-field-size-line-height: 19px;\n--wpforms-field-size-padding-h: 14px;\n--wpforms-field-size-checkbox-size: 16px;\n--wpforms-field-size-sublabel-spacing: 5px;\n--wpforms-field-size-icon-size: 1;\n--wpforms-label-size-font-size: 16px;\n--wpforms-label-size-line-height: 19px;\n--wpforms-label-size-sublabel-font-size: 14px;\n--wpforms-label-size-sublabel-line-height: 17px;\n--wpforms-button-size-font-size: 17px;\n--wpforms-button-size-height: 41px;\n--wpforms-button-size-padding-h: 15px;\n--wpforms-button-size-margin-top: 10px;\n--wpforms-container-shadow-size-box-shadow: none;\n\t\t\t}\n\t\t\t<\/style><div class=\"wpforms-container wpforms-container-full wpforms-render-modern\" id=\"wpforms-1144\"><form id=\"wpforms-form-1144\" class=\"wpforms-validate wpforms-form wpforms-ajax-form\" data-formid=\"1144\" method=\"post\" enctype=\"multipart\/form-data\" action=\"\/vi\/wp-json\/wp\/v2\/pages\/2144\" data-token=\"21755b58a85510f34177df5966d50c82\" data-token-time=\"1776632209\"><noscript class=\"wpforms-error-noscript\">Vui l\u00f2ng b\u1eadt JavaScript trong tr\u00ecnh duy\u1ec7t c\u1ee7a b\u1ea1n \u0111\u1ec3 ho\u00e0n th\u00e0nh Form n\u00e0y.<\/noscript><div id=\"wpforms-error-noscript\" style=\"display: none;\">Vui l\u00f2ng b\u1eadt JavaScript trong tr\u00ecnh duy\u1ec7t c\u1ee7a b\u1ea1n \u0111\u1ec3 ho\u00e0n th\u00e0nh Form n\u00e0y.<\/div><div class=\"wpforms-field-container\">\t\t<div id=\"wpforms-1144-field_4-container\"\n\t\t\tclass=\"wpforms-field wpforms-field-text\"\n\t\t\tdata-field-type=\"text\"\n\t\t\tdata-field-id=\"4\"\n\t\t\t>\n\t\t\t<label class=\"wpforms-field-label\" for=\"wpforms-1144-field_4\" >nh\u1eafn* Email Tin<\/label>\n\t\t\t<input type=\"text\" id=\"wpforms-1144-field_4\" class=\"wpforms-field-medium\" name=\"wpforms[fields][4]\" >\n\t\t<\/div>\n\t\t<div id=\"wpforms-1144-field_1-container\" class=\"wpforms-field wpforms-field-name\" data-field-id=\"1\"><label class=\"wpforms-field-label wpforms-label-hide\" for=\"wpforms-1144-field_1\" aria-hidden=\"false\">T\u00ean c\u1ee7a b\u1ea1n* <span class=\"wpforms-required-label\" aria-hidden=\"true\">*<\/span><\/label><input type=\"text\" id=\"wpforms-1144-field_1\" class=\"wpforms-field-large wpforms-field-required\" name=\"wpforms[fields][1]\" placeholder=\"T\u00ean c\u1ee7a b\u1ea1n*\" aria-errormessage=\"wpforms-1144-field_1-error\" required><\/div><div id=\"wpforms-1144-field_2-container\" class=\"wpforms-field wpforms-field-email\" data-field-id=\"2\"><label class=\"wpforms-field-label wpforms-label-hide\" for=\"wpforms-1144-field_2\" aria-hidden=\"false\">Email c\u1ee7a b\u1ea1n* <span class=\"wpforms-required-label\" aria-hidden=\"true\">*<\/span><\/label><input type=\"email\" id=\"wpforms-1144-field_2\" class=\"wpforms-field-large wpforms-field-required\" name=\"wpforms[fields][2]\" placeholder=\"Email c\u1ee7a b\u1ea1n*\" spellcheck=\"false\" aria-errormessage=\"wpforms-1144-field_2-error\" required><\/div><div id=\"wpforms-1144-field_5-container\" class=\"wpforms-field wpforms-field-text\" data-field-id=\"5\"><label class=\"wpforms-field-label wpforms-label-hide\" for=\"wpforms-1144-field_5\" aria-hidden=\"false\">S\u1ed1 \u0111i\u1ec7n tho\u1ea1i c\u1ee7a b\u1ea1n* <span class=\"wpforms-required-label\" aria-hidden=\"true\">*<\/span><\/label><input type=\"text\" id=\"wpforms-1144-field_5\" class=\"wpforms-field-large wpforms-field-required\" name=\"wpforms[fields][5]\" placeholder=\"S\u1ed1 \u0111i\u1ec7n tho\u1ea1i c\u1ee7a b\u1ea1n*\" aria-errormessage=\"wpforms-1144-field_5-error\" required><\/div><div id=\"wpforms-1144-field_3-container\" class=\"wpforms-field wpforms-field-textarea\" data-field-id=\"3\"><label class=\"wpforms-field-label wpforms-label-hide\" for=\"wpforms-1144-field_3\" aria-hidden=\"false\">Tin nh\u1eafn* <span class=\"wpforms-required-label\" aria-hidden=\"true\">*<\/span><\/label><textarea id=\"wpforms-1144-field_3\" class=\"wpforms-field-large wpforms-field-required\" name=\"wpforms[fields][3]\" placeholder=\"Tin nh\u1eafn*\" aria-errormessage=\"wpforms-1144-field_3-error\" required><\/textarea><\/div><script>\n\t\t\t\t( function() {\n\t\t\t\t\tconst style = document.createElement( 'style' );\n\t\t\t\t\tstyle.appendChild( document.createTextNode( '#wpforms-1144-field_4-container { position: absolute !important; overflow: hidden !important; display: inline !important; height: 1px !important; width: 1px !important; z-index: -1000 !important; padding: 0 !important; } #wpforms-1144-field_4-container input { visibility: hidden; } #wpforms-conversational-form-page #wpforms-1144-field_4-container label { counter-increment: none; }' ) );\n\t\t\t\t\tdocument.head.appendChild( style );\n\t\t\t\t\tdocument.currentScript?.remove();\n\t\t\t\t} )();\n\t\t\t<\/script><\/div><!-- .wpforms-field-container --><div class=\"wpforms-recaptcha-container wpforms-is-recaptcha wpforms-is-recaptcha-type-v2\" ><div class=\"g-recaptcha\" data-sitekey=\"6LdycPYrAAAAAOWWQvHyEdv9BitI5xIZo7JOWLH4\"><\/div><input type=\"text\" name=\"g-recaptcha-hidden\" class=\"wpforms-recaptcha-hidden\" style=\"position:absolute!important;clip:rect(0,0,0,0)!important;height:1px!important;width:1px!important;border:0!important;overflow:hidden!important;padding:0!important;margin:0!important;\" data-rule-recaptcha=\"1\"><\/div><div class=\"wpforms-submit-container\" ><input type=\"hidden\" name=\"wpforms[id]\" value=\"1144\"><input type=\"hidden\" name=\"page_title\" value=\"\"><input type=\"hidden\" name=\"page_url\" value=\"https:\/\/kgfrp.com\/vi\/wp-json\/wp\/v2\/pages\/2144\"><input type=\"hidden\" name=\"url_referer\" value=\"\"><button type=\"submit\" name=\"wpforms[submit]\" id=\"wpforms-submit-1144\" class=\"wpforms-submit\" data-alt-text=\"\u0110ang g\u1eedi...\" data-submit-text=\"G\u1eedi\" aria-live=\"assertive\" value=\"wpforms-submit\">G\u1eedi<\/button><img decoding=\"async\" src=\"https:\/\/kgfrp.com\/wp-content\/plugins\/wpforms-lite\/assets\/images\/submit-spin.svg\" class=\"wpforms-submit-spinner\" style=\"display: none;\" width=\"26\" height=\"26\" alt=\"\u0110ang t\u1ea3i\"><\/div><\/form><\/div>  <!-- .wpforms-container --><\/div>\n\t\t\t\t\t\t<\/div>\n\t\t\t\t<\/div>\n\t\t\t\t<div class=\"elementor-element elementor-element-bdbd28e elementor-widget elementor-widget-html\" data-id=\"bdbd28e\" data-element_type=\"widget\" data-e-type=\"widget\" data-widget_type=\"html.default\">\n\t\t\t\t<div class=\"elementor-widget-container\">\n\t\t\t\t\t<style>.wpforms-container .wpforms-field, .wp-core-ui div.wpforms-container .wpforms-field {\r\n    padding: 10px 0 !important;\r\n}\r\n\r\ndiv.wpforms-container-full textarea,\r\n.wpforms-container input[type=email],\r\n.wpforms-container input[type=text] {\r\n    background-color: var(--dsvy-colza-light-bg-color) !important;\r\n    border: 0 !important;\r\n    border-radius: 0 !important;\r\n}\r\n\r\n.wpforms-container input[type=email],\r\n.wpforms-container input[type=text] { height: 50px !important; }\r\n\r\n.wpforms-container input[type=email]::placeholder,\r\n.wpforms-container input[type=text]::placeholder,\r\n.wpforms-container textarea::placeholder { color: #000 !important;\r\n    }\r\n\r\n\r\ndiv.wpforms-container-full textarea { height: 150px !important; }\r\n\r\ndiv.wpforms-container-full button[type=submit] {\r\n    background-color: var(--dsvy-colza-global-color) !important;\r\n    color: var(--wpforms-button-text-color) !important;\r\n    border-radius: 0 !important;\r\n    height: 50px !important;\r\n    min-width:300px;\r\n}\r\ndiv.wpforms-container-full button[type=submit]:hover {\r\n    background-color: var(--dsvy-colza-secondary-color) !important;\r\n}\r\n<\/style>\t\t\t\t<\/div>\n\t\t\t\t<\/div>\n\t\t\t\t\t<\/div>\n\t\t<\/div>\n\t\t\t\t\t<\/div>\n\t\t<\/section>\n\t\t\t\t<div class=\"elementor-section elementor-top-section elementor-element elementor-element-62936ae elementor-section-full_width elementor-section-stretched dsvy-col-stretched-none dsvy-bg-color-over-image elementor-section-height-default elementor-section-height-default\" data-id=\"62936ae\" data-element_type=\"section\" data-e-type=\"section\" data-settings=\"{&quot;stretch_section&quot;:&quot;section-stretched&quot;}\">\n\t\t\t\t\t\t<div class=\"elementor-container elementor-column-gap-no\">\n\t\t\t\t\t<div class=\"elementor-column elementor-col-100 elementor-top-column elementor-element elementor-element-c6efb9a dsvy-bg-color-over-image\" data-id=\"c6efb9a\" data-element_type=\"column\" data-e-type=\"column\">\n\t\t\t<div class=\"elementor-widget-wrap elementor-element-populated\">\n\t\t\t\t\t\t<div class=\"elementor-element elementor-element-c160b8c elementor-widget elementor-widget-google_maps\" data-id=\"c160b8c\" data-element_type=\"widget\" data-e-type=\"widget\" data-widget_type=\"google_maps.default\">\n\t\t\t\t<div class=\"elementor-widget-container\">\n\t\t\t\t\t\t\t<div class=\"elementor-custom-embed\">\n\t\t\t<iframe loading=\"lazy\"\n\t\t\t\t\tsrc=\"https:\/\/www.google.com\/maps\/embed\/v1\/place?key=AIzaSyDAAHZRSPBD5KB0VfdZhkK8PeH8N_OXTBU&#038;q=937%20Dongil-ro%2C%20Jungnang-gu%2C%20Seoul%2C%20Korea&#038;zoom=15\"\n\t\t\t\t\ttitle=\"937 Dongil-ro, Jungnang-gu, Seoul, Korea\"\n\t\t\t\t\taria-label=\"937 Dongil-ro, Jungnang-gu, Seoul, Korea\"\n\t\t\t><\/iframe>\n\t\t<\/div>\n\t\t\t\t\t\t<\/div>\n\t\t\t\t<\/div>\n\t\t\t\t\t<\/div>\n\t\t<\/div>\n\t\t\t\t\t<\/div>\n\t\t<\/div>\n\t\t\t\t<\/div>\n\t\t","protected":false},"excerpt":{"rendered":"<p>V\u1ec1 ch\u00fang t\u00f4i K-GFRP \u2013 Ti\u00ean phong \u0110\u1ed5i m\u1edbi trong V\u1eadt li\u1ec7u Gia c\u01b0\u1eddng Th\u00e2n thi\u1ec7n v\u1edbi M\u00f4i tr\u01b0\u1eddng K-GFRP l\u00e0 c\u00f4ng ty h\u00e0ng \u0111\u1ea7u ti\u00ean phong trong t\u01b0\u01a1ng lai c\u1ee7a ng\u00e0nh c\u00f4ng nghi\u1ec7p thay th\u1ebf c\u1ed1t th\u00e9p, \u0111\u01b0\u1ee3c x\u00e2y d\u1ef1ng d\u1ef1a tr\u00ean c\u00e1c gi\u00e1 tr\u1ecb c\u1ed1t l\u00f5i l\u00e0 \u0111\u1ed5i m\u1edbi v\u00e0 tin c\u1eady. V\u1edbi chuy\u00ean m\u00f4n s\u00e2u r\u1ed9ng v\u1ec1 c\u00f4ng ngh\u1ec7 thanh c\u1ed1t GFRP g\u1ed1c epoxy, K-GFRP lu\u00f4n cung[&hellip;]<\/p>\n","protected":false},"author":1,"featured_media":0,"parent":0,"menu_order":16,"comment_status":"closed","ping_status":"closed","template":"","meta":{"_acf_changed":false,"footnotes":""},"class_list":["post-2144","page","type-page","status-publish","hentry"],"acf":[],"_links":{"self":[{"href":"https:\/\/kgfrp.com\/vi\/wp-json\/wp\/v2\/pages\/2144","targetHints":{"allow":["GET"]}}],"collection":[{"href":"https:\/\/kgfrp.com\/vi\/wp-json\/wp\/v2\/pages"}],"about":[{"href":"https:\/\/kgfrp.com\/vi\/wp-json\/wp\/v2\/types\/page"}],"author":[{"embeddable":true,"href":"https:\/\/kgfrp.com\/vi\/wp-json\/wp\/v2\/users\/1"}],"replies":[{"embeddable":true,"href":"https:\/\/kgfrp.com\/vi\/wp-json\/wp\/v2\/comments?post=2144"}],"version-history":[{"count":0,"href":"https:\/\/kgfrp.com\/vi\/wp-json\/wp\/v2\/pages\/2144\/revisions"}],"wp:attachment":[{"href":"https:\/\/kgfrp.com\/vi\/wp-json\/wp\/v2\/media?parent=2144"}],"curies":[{"name":"wp","href":"https:\/\/api.w.org\/{rel}","templated":true}]}}